{"id":3897,"date":"2023-09-02T09:48:56","date_gmt":"2023-09-02T07:48:56","guid":{"rendered":"https:\/\/www.heilyoga-im-heilmannring.de\/yoga\/?page_id=3897"},"modified":"2024-01-01T19:54:56","modified_gmt":"2024-01-01T18:54:56","slug":"unser-yoga-tempel","status":"publish","type":"page","link":"https:\/\/www.heilyoga-im-heilmannring.de\/yoga\/unser-yoga-tempel\/","title":{"rendered":"Heilraum im Heilmannring"},"content":{"rendered":"\n<p class=\"has-text-align-center\" style=\"font-size:15px\"><span style=\"color: #ffff99;\"><strong>Herzlich Willkommen<\/strong><\/span>\n<br>in der Heilpraxis und Yogaschule im Heilmannring<\/p>\n\n\n\n<p>&nbsp;<\/p>\n\n\n<div id=\"metaslider-id-3915\" style=\"max-width: 563px; margin: 0 auto;\" class=\"ml-slider-3-103-0 metaslider metaslider-flex metaslider-3915 ml-slider ms-theme-default nav-hidden\" role=\"region\" aria-label=\"unser Yoga Tempel\" data-height=\"375\" data-width=\"563\">\n    <div id=\"metaslider_container_3915\">\n        <div id=\"metaslider_3915\">\n            <ul class='slides'>\n                <li style=\"display: block; width: 100%;\" class=\"slide-3933 ms-image \" aria-roledescription=\"slide\" data-date=\"2023-09-02 11:23:05\" data-slide-type=\"image\"><img loading=\"lazy\" decoding=\"async\" width=\"563\" height=\"375\" src=\"https:\/\/www.heilyoga-im-heilmannring.de\/yoga\/wp-content\/uploads\/2023\/09\/yt01.jpg\" class=\"slider-3915 slide-3933 msDefaultImage\" alt=\"\" rel=\"\" title=\"yt01\" style=\"margin: 0 auto; width: 100%\" srcset=\"https:\/\/www.heilyoga-im-heilmannring.de\/yoga\/wp-content\/uploads\/2023\/09\/yt01.jpg 563w, https:\/\/www.heilyoga-im-heilmannring.de\/yoga\/wp-content\/uploads\/2023\/09\/yt01-300x200.jpg 300w\" sizes=\"auto, (max-width: 563px) 100vw, 563px\" \/><\/li>\n                <li style=\"display: none; width: 100%;\" class=\"slide-3938 ms-image \" aria-roledescription=\"slide\" data-date=\"2023-09-02 11:23:06\" data-slide-type=\"image\"><img loading=\"lazy\" decoding=\"async\" width=\"563\" height=\"375\" src=\"https:\/\/www.heilyoga-im-heilmannring.de\/yoga\/wp-content\/uploads\/2023\/09\/yt03.jpg\" class=\"slider-3915 slide-3938 msDefaultImage\" alt=\"\" rel=\"\" title=\"yt03\" style=\"margin: 0 auto; width: 100%\" srcset=\"https:\/\/www.heilyoga-im-heilmannring.de\/yoga\/wp-content\/uploads\/2023\/09\/yt03.jpg 563w, https:\/\/www.heilyoga-im-heilmannring.de\/yoga\/wp-content\/uploads\/2023\/09\/yt03-300x200.jpg 300w\" sizes=\"auto, (max-width: 563px) 100vw, 563px\" \/><\/li>\n                <li style=\"display: none; width: 100%;\" class=\"slide-3939 ms-image \" aria-roledescription=\"slide\" data-date=\"2023-09-02 11:23:06\" data-slide-type=\"image\"><img loading=\"lazy\" decoding=\"async\" width=\"250\" height=\"375\" src=\"https:\/\/www.heilyoga-im-heilmannring.de\/yoga\/wp-content\/uploads\/2023\/09\/yt04.jpg\" class=\"slider-3915 slide-3939 msDefaultImage\" alt=\"\" rel=\"\" title=\"yt04\" style=\"margin: 0 auto; width: 44.404973357016%\" srcset=\"https:\/\/www.heilyoga-im-heilmannring.de\/yoga\/wp-content\/uploads\/2023\/09\/yt04.jpg 250w, https:\/\/www.heilyoga-im-heilmannring.de\/yoga\/wp-content\/uploads\/2023\/09\/yt04-200x300.jpg 200w\" sizes=\"auto, (max-width: 250px) 100vw, 250px\" \/><\/li>\n                <li style=\"display: none; width: 100%;\" class=\"slide-3943 ms-image \" aria-roledescription=\"slide\" data-date=\"2023-09-02 11:26:30\" data-slide-type=\"image\"><img loading=\"lazy\" decoding=\"async\" width=\"563\" height=\"375\" src=\"https:\/\/www.heilyoga-im-heilmannring.de\/yoga\/wp-content\/uploads\/2023\/09\/yt05.jpg\" class=\"slider-3915 slide-3943 msDefaultImage\" alt=\"\" rel=\"\" title=\"yt05\" style=\"margin: 0 auto; width: 100%\" srcset=\"https:\/\/www.heilyoga-im-heilmannring.de\/yoga\/wp-content\/uploads\/2023\/09\/yt05.jpg 563w, https:\/\/www.heilyoga-im-heilmannring.de\/yoga\/wp-content\/uploads\/2023\/09\/yt05-300x200.jpg 300w\" sizes=\"auto, (max-width: 563px) 100vw, 563px\" \/><\/li>\n                <li style=\"display: none; width: 100%;\" class=\"slide-3934 ms-image \" aria-roledescription=\"slide\" data-date=\"2023-09-02 11:23:05\" data-slide-type=\"image\"><img loading=\"lazy\" decoding=\"async\" width=\"563\" height=\"375\" src=\"https:\/\/www.heilyoga-im-heilmannring.de\/yoga\/wp-content\/uploads\/2023\/09\/yt08.jpg\" class=\"slider-3915 slide-3934 msDefaultImage\" alt=\"\" rel=\"\" title=\"yt08\" style=\"margin: 0 auto; width: 100%\" srcset=\"https:\/\/www.heilyoga-im-heilmannring.de\/yoga\/wp-content\/uploads\/2023\/09\/yt08.jpg 563w, https:\/\/www.heilyoga-im-heilmannring.de\/yoga\/wp-content\/uploads\/2023\/09\/yt08-300x200.jpg 300w\" sizes=\"auto, (max-width: 563px) 100vw, 563px\" \/><\/li>\n                <li style=\"display: none; width: 100%;\" class=\"slide-3935 ms-image \" aria-roledescription=\"slide\" data-date=\"2023-09-02 11:23:05\" data-slide-type=\"image\"><img loading=\"lazy\" decoding=\"async\" width=\"563\" height=\"375\" src=\"https:\/\/www.heilyoga-im-heilmannring.de\/yoga\/wp-content\/uploads\/2023\/09\/yt09.jpg\" class=\"slider-3915 slide-3935 msDefaultImage\" alt=\"\" rel=\"\" title=\"yt09\" style=\"margin: 0 auto; width: 100%\" srcset=\"https:\/\/www.heilyoga-im-heilmannring.de\/yoga\/wp-content\/uploads\/2023\/09\/yt09.jpg 563w, https:\/\/www.heilyoga-im-heilmannring.de\/yoga\/wp-content\/uploads\/2023\/09\/yt09-300x200.jpg 300w\" sizes=\"auto, (max-width: 563px) 100vw, 563px\" \/><\/li>\n            <\/ul>\n        <\/div>\n        \n    <\/div>\n<\/div>\n\n\n\n<div style=\"height:30px\" aria-hidden=\"true\" class=\"wp-block-spacer\"><\/div>\n\n\n\n<p style=\"font-size:15px\">In herausfordernden, verunsichernden und intensiven Zeiten laden wir Dich ein,&nbsp;<strong>anzuhalten!<\/strong>&nbsp;<\/p>\n\n\n\n<p style=\"font-size:15px\">Seit 1995 kommen wir regelm\u00e4ssig im Heilraum im Heilmannring im Kreis zusammen.<\/p>\n\n\n\n<p style=\"font-size:15px\">Im heiligen Kreis, nach alter, indianischer Tradition, kannst du aus alten Strukturen , die nicht mehr tragen, aus der Form und Fassung fallen -zur\u00fcck in deinen Kern, deine Seele, deine Mitte &#8211; in Dein urspr\u00fcngliches Selbst. Der Kreis, nach alter, indianischer Tradition, in dem wir uns auf Augenh\u00f6he versammeln, tr\u00e4gt, n\u00e4hrt, heilt.Unser Heilraum dient immer wieder als wunderbarer Ort des anHALTens. Im SEIN, im Augenblick, erf\u00e4hrst Du HALT, \u00fcber den K\u00f6rper , den Atem, Dein Bewusstsein.&nbsp;<\/p>\n\n\n\n<p style=\"font-size:15px\">Du erf\u00e4hrst, dass LASSEN gelassen macht und nichts verloren geht, im Gegenteil&#8230;..so findest Du augenblicklich zu Dir zur\u00fcck. Dein wahres strahlendes Wesen ist in Deiner Tiefe da- IMMER- unzerst\u00f6rt, unzerkratzt und unabh\u00e4ngig von allen \u00e4usseren Umst\u00e4nden- wunderbar. Du findest zur\u00fcck in die &#8222;grundlose Freude&#8220;, wie wir im Yoga sagen und in das Wunder, das Du bist&#8230;..<\/p>\n\n\n\n<p style=\"font-size:15px\">Daheraus bist Du sofort verbunden, nicht nur mit Dir, sondern auch allen Anderen im Raum.&nbsp;<\/p>\n\n\n\n<p style=\"font-size:15px\">Namaste !<\/p>\n\n\n\n<p><\/p>\n\n\n\n<p><\/p>\n\n\n<div class=\"wp-block-image is-style-rounded\">\n<figure class=\"aligncenter size-full\"><img loading=\"lazy\" decoding=\"async\" width=\"563\" height=\"375\" src=\"https:\/\/www.heilyoga-im-heilmannring.de\/yoga\/wp-content\/uploads\/2023\/09\/yt10.jpg\" alt=\"\" class=\"wp-image-3932\" srcset=\"https:\/\/www.heilyoga-im-heilmannring.de\/yoga\/wp-content\/uploads\/2023\/09\/yt10.jpg 563w, https:\/\/www.heilyoga-im-heilmannring.de\/yoga\/wp-content\/uploads\/2023\/09\/yt10-300x200.jpg 300w\" sizes=\"auto, (max-width: 563px) 100vw, 563px\" \/><\/figure>\n<\/div>","protected":false},"excerpt":{"rendered":"<p>Herzlich Willkommen in der Heilpraxis und Yogaschule im Heilmannring &nbsp; In herausfordernden, verunsichernden und intensiven Zeiten laden wir Dich ein,&nbsp;anzuhalten!&nbsp; Seit 1995 kommen wir regelm\u00e4ssig im Heilraum im Heilmannring im Kreis zusammen. Im heiligen Kreis, nach alter, indianischer Tradition, kannst du aus alten Strukturen , die nicht mehr tragen, aus der Form und Fassung fallen [&hellip;]<\/p>\n","protected":false},"author":1,"featured_media":0,"parent":0,"menu_order":0,"comment_status":"closed","ping_status":"closed","template":"page-templates\/page-nosidebars.php","meta":{"footnotes":""},"class_list":["post-3897","page","type-page","status-publish","hentry"],"_links":{"self":[{"href":"https:\/\/www.heilyoga-im-heilmannring.de\/yoga\/wp-json\/wp\/v2\/pages\/3897","targetHints":{"allow":["GET"]}}],"collection":[{"href":"https:\/\/www.heilyoga-im-heilmannring.de\/yoga\/wp-json\/wp\/v2\/pages"}],"about":[{"href":"https:\/\/www.heilyoga-im-heilmannring.de\/yoga\/wp-json\/wp\/v2\/types\/page"}],"author":[{"embeddable":true,"href":"https:\/\/www.heilyoga-im-heilmannring.de\/yoga\/wp-json\/wp\/v2\/users\/1"}],"replies":[{"embeddable":true,"href":"https:\/\/www.heilyoga-im-heilmannring.de\/yoga\/wp-json\/wp\/v2\/comments?post=3897"}],"version-history":[{"count":21,"href":"https:\/\/www.heilyoga-im-heilmannring.de\/yoga\/wp-json\/wp\/v2\/pages\/3897\/revisions"}],"predecessor-version":[{"id":4552,"href":"https:\/\/www.heilyoga-im-heilmannring.de\/yoga\/wp-json\/wp\/v2\/pages\/3897\/revisions\/4552"}],"wp:attachment":[{"href":"https:\/\/www.heilyoga-im-heilmannring.de\/yoga\/wp-json\/wp\/v2\/media?parent=3897"}],"curies":[{"name":"wp","href":"https:\/\/api.w.org\/{rel}","templated":true}]}}