{"id":4217,"date":"2023-10-14T22:10:18","date_gmt":"2023-10-14T20:10:18","guid":{"rendered":"https:\/\/www.heilyoga-im-heilmannring.de\/yoga\/?page_id=4217"},"modified":"2025-09-25T19:53:21","modified_gmt":"2025-09-25T17:53:21","slug":"seminare","status":"publish","type":"page","link":"https:\/\/www.heilyoga-im-heilmannring.de\/yoga\/seminare\/","title":{"rendered":"Seminare"},"content":{"rendered":"\n<div style=\"height:30px\" aria-hidden=\"true\" class=\"wp-block-spacer\"><\/div>\n\n\n<div id=\"metaslider-id-4345\" style=\"max-width: 640px; margin: 0 auto;\" class=\"ml-slider-3-103-0 metaslider metaslider-flex metaslider-4345 ml-slider ms-theme-default nav-hidden\" role=\"region\" aria-label=\"Seminare\" data-height=\"480\" data-width=\"640\">\n    <div id=\"metaslider_container_4345\">\n        <div id=\"metaslider_4345\">\n            <ul class='slides'>\n                <li style=\"display: block; width: 100%;\" class=\"slide-4366 ms-image \" aria-roledescription=\"slide\" data-date=\"2023-12-30 21:06:39\" data-slide-type=\"image\"><img loading=\"lazy\" decoding=\"async\" width=\"640\" height=\"480\" src=\"https:\/\/www.heilyoga-im-heilmannring.de\/yoga\/wp-content\/uploads\/2023\/12\/Seminare01.png\" class=\"slider-4345 slide-4366 msDefaultImage\" alt=\"\" rel=\"\" title=\"Seminare01\" style=\"margin: 0 auto; width: 100%\" srcset=\"https:\/\/www.heilyoga-im-heilmannring.de\/yoga\/wp-content\/uploads\/2023\/12\/Seminare01.png 640w, https:\/\/www.heilyoga-im-heilmannring.de\/yoga\/wp-content\/uploads\/2023\/12\/Seminare01-300x225.png 300w\" sizes=\"auto, (max-width: 640px) 100vw, 640px\" \/><\/li>\n                <li style=\"display: none; width: 100%;\" class=\"slide-4367 ms-image \" aria-roledescription=\"slide\" data-date=\"2023-12-30 21:06:39\" data-slide-type=\"image\"><img loading=\"lazy\" decoding=\"async\" width=\"640\" height=\"480\" src=\"https:\/\/www.heilyoga-im-heilmannring.de\/yoga\/wp-content\/uploads\/2023\/12\/Seminare02.png\" class=\"slider-4345 slide-4367 msDefaultImage\" alt=\"\" rel=\"\" title=\"Seminare02\" style=\"margin: 0 auto; width: 100%\" srcset=\"https:\/\/www.heilyoga-im-heilmannring.de\/yoga\/wp-content\/uploads\/2023\/12\/Seminare02.png 640w, https:\/\/www.heilyoga-im-heilmannring.de\/yoga\/wp-content\/uploads\/2023\/12\/Seminare02-300x225.png 300w\" sizes=\"auto, (max-width: 640px) 100vw, 640px\" \/><\/li>\n                <li style=\"display: none; width: 100%;\" class=\"slide-4368 ms-image \" aria-roledescription=\"slide\" data-date=\"2023-12-30 21:06:39\" data-slide-type=\"image\"><img loading=\"lazy\" decoding=\"async\" width=\"640\" height=\"480\" src=\"https:\/\/www.heilyoga-im-heilmannring.de\/yoga\/wp-content\/uploads\/2023\/12\/Seminare03.png\" class=\"slider-4345 slide-4368 msDefaultImage\" alt=\"\" rel=\"\" title=\"Seminare03\" style=\"margin: 0 auto; width: 100%\" srcset=\"https:\/\/www.heilyoga-im-heilmannring.de\/yoga\/wp-content\/uploads\/2023\/12\/Seminare03.png 640w, https:\/\/www.heilyoga-im-heilmannring.de\/yoga\/wp-content\/uploads\/2023\/12\/Seminare03-300x225.png 300w\" sizes=\"auto, (max-width: 640px) 100vw, 640px\" \/><\/li>\n                <li style=\"display: none; width: 100%;\" class=\"slide-4369 ms-image \" aria-roledescription=\"slide\" data-date=\"2023-12-30 21:06:39\" data-slide-type=\"image\"><img loading=\"lazy\" decoding=\"async\" width=\"640\" height=\"480\" src=\"https:\/\/www.heilyoga-im-heilmannring.de\/yoga\/wp-content\/uploads\/2023\/12\/Seminare04.png\" class=\"slider-4345 slide-4369 msDefaultImage\" alt=\"\" rel=\"\" title=\"Seminare04\" style=\"margin: 0 auto; width: 100%\" srcset=\"https:\/\/www.heilyoga-im-heilmannring.de\/yoga\/wp-content\/uploads\/2023\/12\/Seminare04.png 640w, https:\/\/www.heilyoga-im-heilmannring.de\/yoga\/wp-content\/uploads\/2023\/12\/Seminare04-300x225.png 300w\" sizes=\"auto, (max-width: 640px) 100vw, 640px\" \/><\/li>\n                <li style=\"display: none; width: 100%;\" class=\"slide-4370 ms-image \" aria-roledescription=\"slide\" data-date=\"2023-12-30 21:06:39\" data-slide-type=\"image\"><img loading=\"lazy\" decoding=\"async\" width=\"640\" height=\"480\" src=\"https:\/\/www.heilyoga-im-heilmannring.de\/yoga\/wp-content\/uploads\/2023\/12\/Seminare05.png\" class=\"slider-4345 slide-4370 msDefaultImage\" alt=\"\" rel=\"\" title=\"Seminare05\" style=\"margin: 0 auto; width: 100%\" srcset=\"https:\/\/www.heilyoga-im-heilmannring.de\/yoga\/wp-content\/uploads\/2023\/12\/Seminare05.png 640w, https:\/\/www.heilyoga-im-heilmannring.de\/yoga\/wp-content\/uploads\/2023\/12\/Seminare05-300x225.png 300w\" sizes=\"auto, (max-width: 640px) 100vw, 640px\" \/><\/li>\n                <li style=\"display: none; width: 100%;\" class=\"slide-4371 ms-image \" aria-roledescription=\"slide\" data-date=\"2023-12-30 21:06:39\" data-slide-type=\"image\"><img loading=\"lazy\" decoding=\"async\" width=\"360\" height=\"480\" src=\"https:\/\/www.heilyoga-im-heilmannring.de\/yoga\/wp-content\/uploads\/2023\/12\/Seminare06.png\" class=\"slider-4345 slide-4371 msDefaultImage\" alt=\"\" rel=\"\" title=\"Seminare06\" style=\"margin: 0 auto; width: 56.25%\" srcset=\"https:\/\/www.heilyoga-im-heilmannring.de\/yoga\/wp-content\/uploads\/2023\/12\/Seminare06.png 360w, https:\/\/www.heilyoga-im-heilmannring.de\/yoga\/wp-content\/uploads\/2023\/12\/Seminare06-225x300.png 225w\" sizes=\"auto, (max-width: 360px) 100vw, 360px\" \/><\/li>\n                <li style=\"display: none; width: 100%;\" class=\"slide-4372 ms-image \" aria-roledescription=\"slide\" data-date=\"2023-12-30 21:06:40\" data-slide-type=\"image\"><img loading=\"lazy\" decoding=\"async\" width=\"640\" height=\"480\" src=\"https:\/\/www.heilyoga-im-heilmannring.de\/yoga\/wp-content\/uploads\/2023\/12\/Seminare07.png\" class=\"slider-4345 slide-4372 msDefaultImage\" alt=\"\" rel=\"\" title=\"Seminare07\" style=\"margin: 0 auto; width: 100%\" srcset=\"https:\/\/www.heilyoga-im-heilmannring.de\/yoga\/wp-content\/uploads\/2023\/12\/Seminare07.png 640w, https:\/\/www.heilyoga-im-heilmannring.de\/yoga\/wp-content\/uploads\/2023\/12\/Seminare07-300x225.png 300w\" sizes=\"auto, (max-width: 640px) 100vw, 640px\" \/><\/li>\n                <li style=\"display: none; width: 100%;\" class=\"slide-4373 ms-image \" aria-roledescription=\"slide\" data-date=\"2023-12-30 21:06:40\" data-slide-type=\"image\"><img loading=\"lazy\" decoding=\"async\" width=\"640\" height=\"480\" src=\"https:\/\/www.heilyoga-im-heilmannring.de\/yoga\/wp-content\/uploads\/2023\/12\/Seminare08.png\" class=\"slider-4345 slide-4373 msDefaultImage\" alt=\"\" rel=\"\" title=\"Seminare08\" style=\"margin: 0 auto; width: 100%\" srcset=\"https:\/\/www.heilyoga-im-heilmannring.de\/yoga\/wp-content\/uploads\/2023\/12\/Seminare08.png 640w, https:\/\/www.heilyoga-im-heilmannring.de\/yoga\/wp-content\/uploads\/2023\/12\/Seminare08-300x225.png 300w\" sizes=\"auto, (max-width: 640px) 100vw, 640px\" \/><\/li>\n                <li style=\"display: none; width: 100%;\" class=\"slide-4374 ms-image \" aria-roledescription=\"slide\" data-date=\"2023-12-30 21:06:40\" data-slide-type=\"image\"><img loading=\"lazy\" decoding=\"async\" width=\"640\" height=\"480\" src=\"https:\/\/www.heilyoga-im-heilmannring.de\/yoga\/wp-content\/uploads\/2023\/12\/Seminare09.png\" class=\"slider-4345 slide-4374 msDefaultImage\" alt=\"\" rel=\"\" title=\"Seminare09\" style=\"margin: 0 auto; width: 100%\" srcset=\"https:\/\/www.heilyoga-im-heilmannring.de\/yoga\/wp-content\/uploads\/2023\/12\/Seminare09.png 640w, https:\/\/www.heilyoga-im-heilmannring.de\/yoga\/wp-content\/uploads\/2023\/12\/Seminare09-300x225.png 300w\" sizes=\"auto, (max-width: 640px) 100vw, 640px\" \/><\/li>\n                <li style=\"display: none; width: 100%;\" class=\"slide-4375 ms-image \" aria-roledescription=\"slide\" data-date=\"2023-12-30 21:06:40\" data-slide-type=\"image\"><img loading=\"lazy\" decoding=\"async\" width=\"640\" height=\"480\" src=\"https:\/\/www.heilyoga-im-heilmannring.de\/yoga\/wp-content\/uploads\/2023\/12\/Seminare10.png\" class=\"slider-4345 slide-4375 msDefaultImage\" alt=\"\" rel=\"\" title=\"Seminare10\" style=\"margin: 0 auto; width: 100%\" srcset=\"https:\/\/www.heilyoga-im-heilmannring.de\/yoga\/wp-content\/uploads\/2023\/12\/Seminare10.png 640w, https:\/\/www.heilyoga-im-heilmannring.de\/yoga\/wp-content\/uploads\/2023\/12\/Seminare10-300x225.png 300w\" sizes=\"auto, (max-width: 640px) 100vw, 640px\" \/><\/li>\n                <li style=\"display: none; width: 100%;\" class=\"slide-4376 ms-image \" aria-roledescription=\"slide\" data-date=\"2023-12-30 21:06:40\" data-slide-type=\"image\"><img loading=\"lazy\" decoding=\"async\" width=\"640\" height=\"480\" src=\"https:\/\/www.heilyoga-im-heilmannring.de\/yoga\/wp-content\/uploads\/2023\/12\/Seminare11.png\" class=\"slider-4345 slide-4376 msDefaultImage\" alt=\"\" rel=\"\" title=\"Seminare11\" style=\"margin: 0 auto; width: 100%\" srcset=\"https:\/\/www.heilyoga-im-heilmannring.de\/yoga\/wp-content\/uploads\/2023\/12\/Seminare11.png 640w, https:\/\/www.heilyoga-im-heilmannring.de\/yoga\/wp-content\/uploads\/2023\/12\/Seminare11-300x225.png 300w\" sizes=\"auto, (max-width: 640px) 100vw, 640px\" \/><\/li>\n                <li style=\"display: none; width: 100%;\" class=\"slide-4377 ms-image \" aria-roledescription=\"slide\" data-date=\"2023-12-30 21:06:40\" data-slide-type=\"image\"><img loading=\"lazy\" decoding=\"async\" width=\"640\" height=\"480\" src=\"https:\/\/www.heilyoga-im-heilmannring.de\/yoga\/wp-content\/uploads\/2023\/12\/Seminare12.png\" class=\"slider-4345 slide-4377 msDefaultImage\" alt=\"\" rel=\"\" title=\"Seminare12\" style=\"margin: 0 auto; width: 100%\" srcset=\"https:\/\/www.heilyoga-im-heilmannring.de\/yoga\/wp-content\/uploads\/2023\/12\/Seminare12.png 640w, https:\/\/www.heilyoga-im-heilmannring.de\/yoga\/wp-content\/uploads\/2023\/12\/Seminare12-300x225.png 300w\" sizes=\"auto, (max-width: 640px) 100vw, 640px\" \/><\/li>\n                <li style=\"display: none; width: 100%;\" class=\"slide-4378 ms-image \" aria-roledescription=\"slide\" data-date=\"2023-12-30 21:06:40\" data-slide-type=\"image\"><img loading=\"lazy\" decoding=\"async\" width=\"640\" height=\"480\" src=\"https:\/\/www.heilyoga-im-heilmannring.de\/yoga\/wp-content\/uploads\/2023\/12\/Seminare13.png\" class=\"slider-4345 slide-4378 msDefaultImage\" alt=\"\" rel=\"\" title=\"Seminare13\" style=\"margin: 0 auto; width: 100%\" srcset=\"https:\/\/www.heilyoga-im-heilmannring.de\/yoga\/wp-content\/uploads\/2023\/12\/Seminare13.png 640w, https:\/\/www.heilyoga-im-heilmannring.de\/yoga\/wp-content\/uploads\/2023\/12\/Seminare13-300x225.png 300w\" sizes=\"auto, (max-width: 640px) 100vw, 640px\" \/><\/li>\n                <li style=\"display: none; width: 100%;\" class=\"slide-4379 ms-image \" aria-roledescription=\"slide\" data-date=\"2023-12-30 21:06:40\" data-slide-type=\"image\"><img loading=\"lazy\" decoding=\"async\" width=\"640\" height=\"480\" src=\"https:\/\/www.heilyoga-im-heilmannring.de\/yoga\/wp-content\/uploads\/2023\/12\/Seminare14.png\" class=\"slider-4345 slide-4379 msDefaultImage\" alt=\"\" rel=\"\" title=\"Seminare14\" style=\"margin: 0 auto; width: 100%\" srcset=\"https:\/\/www.heilyoga-im-heilmannring.de\/yoga\/wp-content\/uploads\/2023\/12\/Seminare14.png 640w, https:\/\/www.heilyoga-im-heilmannring.de\/yoga\/wp-content\/uploads\/2023\/12\/Seminare14-300x225.png 300w\" sizes=\"auto, (max-width: 640px) 100vw, 640px\" \/><\/li>\n                <li style=\"display: none; width: 100%;\" class=\"slide-4380 ms-image \" aria-roledescription=\"slide\" data-date=\"2023-12-30 21:06:40\" data-slide-type=\"image\"><img loading=\"lazy\" decoding=\"async\" width=\"640\" height=\"480\" src=\"https:\/\/www.heilyoga-im-heilmannring.de\/yoga\/wp-content\/uploads\/2023\/12\/Seminare15.png\" class=\"slider-4345 slide-4380 msDefaultImage\" alt=\"\" rel=\"\" title=\"Seminare15\" style=\"margin: 0 auto; width: 100%\" srcset=\"https:\/\/www.heilyoga-im-heilmannring.de\/yoga\/wp-content\/uploads\/2023\/12\/Seminare15.png 640w, https:\/\/www.heilyoga-im-heilmannring.de\/yoga\/wp-content\/uploads\/2023\/12\/Seminare15-300x225.png 300w\" sizes=\"auto, (max-width: 640px) 100vw, 640px\" \/><\/li>\n                <li style=\"display: none; width: 100%;\" class=\"slide-4381 ms-image \" aria-roledescription=\"slide\" data-date=\"2023-12-30 21:06:40\" data-slide-type=\"image\"><img loading=\"lazy\" decoding=\"async\" width=\"639\" height=\"480\" src=\"https:\/\/www.heilyoga-im-heilmannring.de\/yoga\/wp-content\/uploads\/2023\/12\/Seminare16.png\" class=\"slider-4345 slide-4381 msDefaultImage\" alt=\"\" rel=\"\" title=\"Seminare16\" style=\"margin: 0 auto; width: 99.84375%\" srcset=\"https:\/\/www.heilyoga-im-heilmannring.de\/yoga\/wp-content\/uploads\/2023\/12\/Seminare16.png 639w, https:\/\/www.heilyoga-im-heilmannring.de\/yoga\/wp-content\/uploads\/2023\/12\/Seminare16-300x225.png 300w\" sizes=\"auto, (max-width: 639px) 100vw, 639px\" \/><\/li>\n                <li style=\"display: none; width: 100%;\" class=\"slide-4382 ms-image \" aria-roledescription=\"slide\" data-date=\"2023-12-30 21:06:41\" data-slide-type=\"image\"><img loading=\"lazy\" decoding=\"async\" width=\"640\" height=\"480\" src=\"https:\/\/www.heilyoga-im-heilmannring.de\/yoga\/wp-content\/uploads\/2023\/12\/Seminare17.png\" class=\"slider-4345 slide-4382 msDefaultImage\" alt=\"\" rel=\"\" title=\"Seminare17\" style=\"margin: 0 auto; width: 100%\" srcset=\"https:\/\/www.heilyoga-im-heilmannring.de\/yoga\/wp-content\/uploads\/2023\/12\/Seminare17.png 640w, https:\/\/www.heilyoga-im-heilmannring.de\/yoga\/wp-content\/uploads\/2023\/12\/Seminare17-300x225.png 300w\" sizes=\"auto, (max-width: 640px) 100vw, 640px\" \/><\/li>\n                <li style=\"display: none; width: 100%;\" class=\"slide-4383 ms-image \" aria-roledescription=\"slide\" data-date=\"2023-12-30 21:06:41\" data-slide-type=\"image\"><img loading=\"lazy\" decoding=\"async\" width=\"640\" height=\"480\" src=\"https:\/\/www.heilyoga-im-heilmannring.de\/yoga\/wp-content\/uploads\/2023\/12\/Seminare18.png\" class=\"slider-4345 slide-4383 msDefaultImage\" alt=\"\" rel=\"\" title=\"Seminare18\" style=\"margin: 0 auto; width: 100%\" srcset=\"https:\/\/www.heilyoga-im-heilmannring.de\/yoga\/wp-content\/uploads\/2023\/12\/Seminare18.png 640w, https:\/\/www.heilyoga-im-heilmannring.de\/yoga\/wp-content\/uploads\/2023\/12\/Seminare18-300x225.png 300w\" sizes=\"auto, (max-width: 640px) 100vw, 640px\" \/><\/li>\n                <li style=\"display: none; width: 100%;\" class=\"slide-4384 ms-image \" aria-roledescription=\"slide\" data-date=\"2023-12-30 21:06:41\" data-slide-type=\"image\"><img loading=\"lazy\" decoding=\"async\" width=\"640\" height=\"480\" src=\"https:\/\/www.heilyoga-im-heilmannring.de\/yoga\/wp-content\/uploads\/2023\/12\/Seminare19.png\" class=\"slider-4345 slide-4384 msDefaultImage\" alt=\"\" rel=\"\" title=\"Seminare19\" style=\"margin: 0 auto; width: 100%\" srcset=\"https:\/\/www.heilyoga-im-heilmannring.de\/yoga\/wp-content\/uploads\/2023\/12\/Seminare19.png 640w, https:\/\/www.heilyoga-im-heilmannring.de\/yoga\/wp-content\/uploads\/2023\/12\/Seminare19-300x225.png 300w\" sizes=\"auto, (max-width: 640px) 100vw, 640px\" \/><\/li>\n                <li style=\"display: none; width: 100%;\" class=\"slide-4385 ms-image \" aria-roledescription=\"slide\" data-date=\"2023-12-30 21:06:41\" data-slide-type=\"image\"><img loading=\"lazy\" decoding=\"async\" width=\"640\" height=\"480\" src=\"https:\/\/www.heilyoga-im-heilmannring.de\/yoga\/wp-content\/uploads\/2023\/12\/Seminare20.png\" class=\"slider-4345 slide-4385 msDefaultImage\" alt=\"\" rel=\"\" title=\"Seminare20\" style=\"margin: 0 auto; width: 100%\" srcset=\"https:\/\/www.heilyoga-im-heilmannring.de\/yoga\/wp-content\/uploads\/2023\/12\/Seminare20.png 640w, https:\/\/www.heilyoga-im-heilmannring.de\/yoga\/wp-content\/uploads\/2023\/12\/Seminare20-300x225.png 300w\" sizes=\"auto, (max-width: 640px) 100vw, 640px\" \/><\/li>\n            <\/ul>\n        <\/div>\n        \n    <\/div>\n<\/div>\n\n\n\n<div style=\"height:30px\" aria-hidden=\"true\" class=\"wp-block-spacer\"><\/div>\n\n\n\n<p style=\"font-size:15px\">\u00dcber 20 Jahre bin ich regelm\u00e4\u00dfig mit wunderbaren Gruppen an wunderbare Orte gereist und stelle euch hier ein paar Eindr\u00fccke vor .<br>Es war eine gro\u00dfartige Zeit auf Ibiza, in Bali, Indien, T\u00fcrkei, Israel , Bayern, Lehnin und an der Ostsee . Immer wieder und wieder werde ich gefragt , ob ich bald eine neue Yoga- Reise anbiete und es hei\u00dft sogar: \u201eIch fahre mit dir \u00fcberall hin\u201c , was mich sehr ehrt und ber\u00fchrt.<br>Aus verschiedenen Gr\u00fcnden biete ich derzeit aber Seminare ausschlie\u00dflich in Berlin an . Ein wichtiger Grund sind die enorm gestiegenen Kosten , es muss mit dem doppelten Preis gerechnet werden im Vergleich zu der Zeit vor 2020 und das m\u00f6chten und k\u00f6nnen die wenigsten noch bezahlen .<br>Hier in Berlin, in unserem sch\u00f6nen Heilraum und unserer wunderbaren Umgebung k\u00f6nnen wir unkomplizierter und bezahlbar zusammen kommen .<br>Ich lade dich herzlichst ein, dies auszuprobieren und vermittle gern ggf eine preiswerte Unterkunft, wenn du von au\u00dferhalb anreist .<br>Namaste und bis bald<\/p>\n\n\n\n<p><\/p>\n\n\n\n<p style=\"font-size:15px\"><strong>Namaste !<br>Willkommen im Tanz Deines Lebens<\/strong><br><br>In der Gemeinschaft, im Kreis, erschaffen wir ein heilsames Feld,<br>einen gemeinsamen Raum des Herzens, in dem der Tanz,<br>DEIN Tanz des Lebens sich entfalten kann.<br><br>Jenseits von Druck, Stress, Angst, Grenzen und Ersch\u00f6pfung wird<br>GELEBT!<br><br>Bewegung, Achtsamkeit und Ber\u00fchrung mit Dir und Anderen im heilsamen Kreis des Lebens erinnern Dich daran, wer Du wirklich<br>BIST.<\/p>\n\n\n\n<div style=\"height:30px\" aria-hidden=\"true\" class=\"wp-block-spacer\"><\/div>\n\n\n\n<p class=\"has-text-align-center\"><\/p>\n\n\n\n<div style=\"height:30px\" aria-hidden=\"true\" class=\"wp-block-spacer\"><\/div>\n\n\n\n<p class=\"has-text-align-center\"><strong><a class=\"maxbutton-2 maxbutton maxbutton-neujahrs-tages-seminar-2026\" href=\"https:\/\/www.heilyoga-im-heilmannring.de\/yoga\/class\/berlin_neujahr\/\"><span class='mb-text'>Neujahrs-Tages-Seminar 2026<\/span><\/a><\/strong>&nbsp;&nbsp;&nbsp;<strong><a class=\"maxbutton-6 maxbutton maxbutton-spezial-weiterbildung\" href=\"https:\/\/www.heilyoga-im-heilmannring.de\/yoga\/class\/ausbildung-weiterbildung\/\"><span class='mb-text'>Spezial: Ausbildung\/Weiterbildung<\/span><\/a><\/strong><\/p>\n\n\n\n<p><\/p>\n","protected":false},"excerpt":{"rendered":"<p>\u00dcber 20 Jahre bin ich regelm\u00e4\u00dfig mit wunderbaren Gruppen an wunderbare Orte gereist und stelle euch hier ein paar Eindr\u00fccke vor .Es war eine gro\u00dfartige Zeit auf Ibiza, in Bali, Indien, T\u00fcrkei, Israel , Bayern, Lehnin und an der Ostsee . Immer wieder und wieder werde ich gefragt , ob ich bald eine neue Yoga- [&hellip;]<\/p>\n","protected":false},"author":1,"featured_media":0,"parent":0,"menu_order":0,"comment_status":"closed","ping_status":"closed","template":"page-templates\/page-nosidebars.php","meta":{"footnotes":""},"class_list":["post-4217","page","type-page","status-publish","hentry"],"_links":{"self":[{"href":"https:\/\/www.heilyoga-im-heilmannring.de\/yoga\/wp-json\/wp\/v2\/pages\/4217","targetHints":{"allow":["GET"]}}],"collection":[{"href":"https:\/\/www.heilyoga-im-heilmannring.de\/yoga\/wp-json\/wp\/v2\/pages"}],"about":[{"href":"https:\/\/www.heilyoga-im-heilmannring.de\/yoga\/wp-json\/wp\/v2\/types\/page"}],"author":[{"embeddable":true,"href":"https:\/\/www.heilyoga-im-heilmannring.de\/yoga\/wp-json\/wp\/v2\/users\/1"}],"replies":[{"embeddable":true,"href":"https:\/\/www.heilyoga-im-heilmannring.de\/yoga\/wp-json\/wp\/v2\/comments?post=4217"}],"version-history":[{"count":27,"href":"https:\/\/www.heilyoga-im-heilmannring.de\/yoga\/wp-json\/wp\/v2\/pages\/4217\/revisions"}],"predecessor-version":[{"id":5130,"href":"https:\/\/www.heilyoga-im-heilmannring.de\/yoga\/wp-json\/wp\/v2\/pages\/4217\/revisions\/5130"}],"wp:attachment":[{"href":"https:\/\/www.heilyoga-im-heilmannring.de\/yoga\/wp-json\/wp\/v2\/media?parent=4217"}],"curies":[{"name":"wp","href":"https:\/\/api.w.org\/{rel}","templated":true}]}}